{"id":21,"date":"2026-04-08T11:44:17","date_gmt":"2026-04-08T11:44:17","guid":{"rendered":"https:\/\/signally.se\/om\/"},"modified":"2026-04-08T11:49:41","modified_gmt":"2026-04-08T11:49:41","slug":"om","status":"publish","type":"page","link":"https:\/\/signally.se\/sv\/om\/","title":{"rendered":"Om"},"content":{"rendered":"\n<div class=\"wp-block-group alignfull is-style-ext-preset--group--natural-1--section has-background-background-color has-background has-global-padding is-layout-constrained wp-container-core-group-is-layout-6714b1d7 wp-block-group-is-layout-constrained is-style-ext-preset--group--natural-1--section--1\" id=\"om\" style=\"margin-top:0;margin-bottom:0;padding-top:var(--wp--preset--spacing--70);padding-bottom:var(--wp--preset--spacing--70)\">\n<h2 class=\"wp-block-heading has-text-align-center ext-animate--on\">Bygg kraftfulla SEO-l\u00f6sningar med Signally<\/h2>\n\n\n\n<p class=\"has-text-align-center ext-animate--on\" style=\"margin-top:1.5rem\">Det h\u00e4r avsnittet belyser ditt f\u00f6retags k\u00e4rnv\u00e4rden och m\u00e5l, och ger en tydlig sammanfattning av dess syfte och vision. Det f\u00f6rklarar den v\u00e4gledande princip som formar dina aff\u00e4rsstrategier och framtidsplaner.<\/p>\n\n\n\n<div class=\"wp-block-columns alignwide is-layout-flex wp-container-core-columns-is-layout-28f84493 wp-block-columns-is-layout-flex\">\n<div class=\"wp-block-column ext-animate--on is-layout-flow wp-block-column-is-layout-flow\">\n<figure class=\"wp-block-image is-style-ext-preset-image-natural-1-image-1--content-bottom is-style-ext-preset--image--natural-1--image-1--content-bottom is-style-ext-preset--image--natural-1--image-1--content-bottom--2\"><img loading=\"lazy\" decoding=\"async\" width=\"1440\" height=\"961\" class=\"wp-image-53\" src=\"https:\/\/signally.se\/wp-content\/uploads\/2026\/04\/487b696d978ede88d6c868591472d676c2b4b541.jpg\" alt=\"\" style=\"aspect-ratio:3\/4;object-fit:cover\" srcset=\"https:\/\/signally.se\/wp-content\/uploads\/2026\/04\/487b696d978ede88d6c868591472d676c2b4b541.jpg 1440w, https:\/\/signally.se\/wp-content\/uploads\/2026\/04\/487b696d978ede88d6c868591472d676c2b4b541-300x200.jpg 300w, https:\/\/signally.se\/wp-content\/uploads\/2026\/04\/487b696d978ede88d6c868591472d676c2b4b541-1024x683.jpg 1024w, https:\/\/signally.se\/wp-content\/uploads\/2026\/04\/487b696d978ede88d6c868591472d676c2b4b541-768x513.jpg 768w, https:\/\/signally.se\/wp-content\/uploads\/2026\/04\/487b696d978ede88d6c868591472d676c2b4b541-18x12.jpg 18w\" sizes=\"auto, (max-width: 1440px) 100vw, 1440px\" \/><\/figure>\n<\/div>\n\n\n\n<div class=\"wp-block-column ext-animate--on is-layout-flow wp-block-column-is-layout-flow\">\n<figure class=\"wp-block-image is-style-ext-preset-image-natural-1-image-1--content-bottom is-style-ext-preset--image--natural-1--image-1--content-bottom is-style-ext-preset--image--natural-1--image-1--content-bottom--3\"><img loading=\"lazy\" decoding=\"async\" width=\"1440\" height=\"960\" class=\"wp-image-54\" src=\"https:\/\/signally.se\/wp-content\/uploads\/2026\/04\/94219fa155ea037c0467f86391dae3369d26fa6e.jpg\" alt=\"\" style=\"aspect-ratio:3\/4;object-fit:cover\" srcset=\"https:\/\/signally.se\/wp-content\/uploads\/2026\/04\/94219fa155ea037c0467f86391dae3369d26fa6e.jpg 1440w, https:\/\/signally.se\/wp-content\/uploads\/2026\/04\/94219fa155ea037c0467f86391dae3369d26fa6e-300x200.jpg 300w, https:\/\/signally.se\/wp-content\/uploads\/2026\/04\/94219fa155ea037c0467f86391dae3369d26fa6e-1024x683.jpg 1024w, https:\/\/signally.se\/wp-content\/uploads\/2026\/04\/94219fa155ea037c0467f86391dae3369d26fa6e-768x512.jpg 768w, https:\/\/signally.se\/wp-content\/uploads\/2026\/04\/94219fa155ea037c0467f86391dae3369d26fa6e-18x12.jpg 18w\" sizes=\"auto, (max-width: 1440px) 100vw, 1440px\" \/><\/figure>\n<\/div>\n\n\n\n<div class=\"wp-block-column ext-animate--on is-layout-flow wp-block-column-is-layout-flow\">\n<figure class=\"wp-block-image is-style-ext-preset-image-natural-1-image-1--content-bottom is-style-ext-preset--image--natural-1--image-1--content-bottom is-style-ext-preset--image--natural-1--image-1--content-bottom--4\"><img loading=\"lazy\" decoding=\"async\" width=\"1440\" height=\"810\" class=\"wp-image-55\" src=\"https:\/\/signally.se\/wp-content\/uploads\/2026\/04\/a52adb2cc17c46cb72629005a2c9ae0ea9510f01.jpg\" alt=\"\" style=\"aspect-ratio:3\/4;object-fit:cover\" srcset=\"https:\/\/signally.se\/wp-content\/uploads\/2026\/04\/a52adb2cc17c46cb72629005a2c9ae0ea9510f01.jpg 1440w, https:\/\/signally.se\/wp-content\/uploads\/2026\/04\/a52adb2cc17c46cb72629005a2c9ae0ea9510f01-300x169.jpg 300w, https:\/\/signally.se\/wp-content\/uploads\/2026\/04\/a52adb2cc17c46cb72629005a2c9ae0ea9510f01-1024x576.jpg 1024w, https:\/\/signally.se\/wp-content\/uploads\/2026\/04\/a52adb2cc17c46cb72629005a2c9ae0ea9510f01-768x432.jpg 768w, https:\/\/signally.se\/wp-content\/uploads\/2026\/04\/a52adb2cc17c46cb72629005a2c9ae0ea9510f01-18x10.jpg 18w\" sizes=\"auto, (max-width: 1440px) 100vw, 1440px\" \/><\/figure>\n<\/div>\n<\/div>\n<\/div>\n\n<div class=\"wp-block-group alignfull is-style-ext-preset--group--natural-1--section has-tertiary-background-color has-background has-global-padding is-layout-constrained wp-container-core-group-is-layout-e955bbaf wp-block-group-is-layout-constrained is-style-ext-preset--group--natural-1--section--5\" id=\"funktioner\" style=\"margin-top:0;margin-bottom:0;padding-top:var(--wp--preset--spacing--70);padding-bottom:var(--wp--preset--spacing--70)\">\n<div class=\"wp-block-group alignwide ext-is-logical-start has-global-padding is-content-justification-left is-layout-constrained wp-container-core-group-is-layout-6729bdbe wp-block-group-is-layout-constrained\">\n<h2 class=\"wp-block-heading ext-animate--on\">St\u00e4rk din webbplats med strategisk SEO och teknisk precision<\/h2>\n\n\n\n<p class=\"has-text-align-left ext-animate--on\">Den h\u00e4r sektionen lyfter fram k\u00e4rnfunktioner och unika styrkor, och visar varf\u00f6r signally.se \u00e4r en ov\u00e4rderlig resurs f\u00f6r premiumwebbplatser.<\/p>\n<\/div>\n\n\n\n<div class=\"wp-block-columns alignwide is-layout-flex wp-container-core-columns-is-layout-87beb0d0 wp-block-columns-is-layout-flex\">\n<div class=\"wp-block-column is-vertically-aligned-stretch ext-animate--on is-layout-flow wp-container-core-column-is-layout-119bc444 wp-block-column-is-layout-flow\">\n<div class=\"wp-block-media-text is-stacked-on-mobile is-image-fill-element is-style-ext-preset--media-text--natural-1--card-1 has-background-background-color has-background is-style-ext-preset--media-text--natural-1--card-1--6\"><figure class=\"wp-block-media-text__media\"><img loading=\"lazy\" decoding=\"async\" width=\"1440\" height=\"960\" class=\"wp-image-56 size-full\" src=\"https:\/\/signally.se\/wp-content\/uploads\/2026\/04\/101dcc418e38471b267dcf327789ce2a067dc2c1.jpg\" alt=\"\" style=\"object-position:50% 50%\" srcset=\"https:\/\/signally.se\/wp-content\/uploads\/2026\/04\/101dcc418e38471b267dcf327789ce2a067dc2c1.jpg 1440w, https:\/\/signally.se\/wp-content\/uploads\/2026\/04\/101dcc418e38471b267dcf327789ce2a067dc2c1-300x200.jpg 300w, https:\/\/signally.se\/wp-content\/uploads\/2026\/04\/101dcc418e38471b267dcf327789ce2a067dc2c1-1024x683.jpg 1024w, https:\/\/signally.se\/wp-content\/uploads\/2026\/04\/101dcc418e38471b267dcf327789ce2a067dc2c1-768x512.jpg 768w, https:\/\/signally.se\/wp-content\/uploads\/2026\/04\/101dcc418e38471b267dcf327789ce2a067dc2c1-18x12.jpg 18w\" sizes=\"auto, (max-width: 1440px) 100vw, 1440px\" \/><\/figure><div class=\"wp-block-media-text__content\">\n<div class=\"wp-block-group is-style-default has-global-padding is-layout-constrained wp-container-core-group-is-layout-9a7b35d3 wp-block-group-is-layout-constrained\" style=\"padding-top:var(--wp--preset--spacing--40);padding-right:var(--wp--preset--spacing--30);padding-bottom:var(--wp--preset--spacing--40);padding-left:var(--wp--preset--spacing--30)\">\n<h3 class=\"wp-block-heading\" style=\"font-size:clamp(15.747px, 0.984rem + ((1vw - 3.2px) * 0.86), 24px);\">Teknisk Grund<\/h3>\n\n\n\n<p class=\"has-small-font-size\">Bygg en solid teknisk plattform som optimerar b\u00e5de anv\u00e4ndarupplevelse och AI-prestanda.<\/p>\n<\/div>\n<\/div><\/div>\n<\/div>\n\n\n\n<div class=\"wp-block-column is-vertically-aligned-stretch ext-animate--on is-layout-flow wp-container-core-column-is-layout-119bc444 wp-block-column-is-layout-flow\">\n<div class=\"wp-block-media-text is-stacked-on-mobile is-image-fill-element is-style-ext-preset--media-text--natural-1--card-1 has-background-background-color has-background is-style-ext-preset--media-text--natural-1--card-1--7\"><figure class=\"wp-block-media-text__media\"><img loading=\"lazy\" decoding=\"async\" width=\"1440\" height=\"960\" class=\"wp-image-57 size-full\" src=\"https:\/\/signally.se\/wp-content\/uploads\/2026\/04\/a66bf9b1a6d7809f2f058323587653be7a9de83b.jpg\" alt=\"\" style=\"object-position:50% 50%\" srcset=\"https:\/\/signally.se\/wp-content\/uploads\/2026\/04\/a66bf9b1a6d7809f2f058323587653be7a9de83b.jpg 1440w, https:\/\/signally.se\/wp-content\/uploads\/2026\/04\/a66bf9b1a6d7809f2f058323587653be7a9de83b-300x200.jpg 300w, https:\/\/signally.se\/wp-content\/uploads\/2026\/04\/a66bf9b1a6d7809f2f058323587653be7a9de83b-1024x683.jpg 1024w, https:\/\/signally.se\/wp-content\/uploads\/2026\/04\/a66bf9b1a6d7809f2f058323587653be7a9de83b-768x512.jpg 768w, https:\/\/signally.se\/wp-content\/uploads\/2026\/04\/a66bf9b1a6d7809f2f058323587653be7a9de83b-18x12.jpg 18w\" sizes=\"auto, (max-width: 1440px) 100vw, 1440px\" \/><\/figure><div class=\"wp-block-media-text__content\">\n<div class=\"wp-block-group is-style-default has-global-padding is-layout-constrained wp-container-core-group-is-layout-9a7b35d3 wp-block-group-is-layout-constrained\" style=\"padding-top:var(--wp--preset--spacing--40);padding-right:var(--wp--preset--spacing--30);padding-bottom:var(--wp--preset--spacing--40);padding-left:var(--wp--preset--spacing--30)\">\n<h3 class=\"wp-block-heading\" style=\"font-size:clamp(15.747px, 0.984rem + ((1vw - 3.2px) * 0.86), 24px);\">Inneh\u00e5llsstrategi<\/h3>\n\n\n\n<p class=\"has-small-font-size\">Utveckla inneh\u00e5ll som engagerar m\u00e5lgruppen och f\u00f6rb\u00e4ttrar s\u00f6kmotorplaceringar.<\/p>\n<\/div>\n<\/div><\/div>\n<\/div>\n<\/div>\n\n\n\n<div class=\"wp-block-columns alignwide is-layout-flex wp-container-core-columns-is-layout-e12f0bcd wp-block-columns-is-layout-flex\" style=\"margin-top:var(--wp--preset--spacing--30)\">\n<div class=\"wp-block-column ext-animate--on is-layout-flow wp-container-core-column-is-layout-119bc444 wp-block-column-is-layout-flow\">\n<div class=\"wp-block-media-text is-stacked-on-mobile is-image-fill-element is-style-ext-preset--media-text--natural-1--card-1 has-background-background-color has-background is-style-ext-preset--media-text--natural-1--card-1--8\"><figure class=\"wp-block-media-text__media\"><img loading=\"lazy\" decoding=\"async\" width=\"1440\" height=\"810\" class=\"wp-image-55 size-full\" src=\"https:\/\/signally.se\/wp-content\/uploads\/2026\/04\/a52adb2cc17c46cb72629005a2c9ae0ea9510f01.jpg\" alt=\"\" style=\"object-position:50% 50%\" srcset=\"https:\/\/signally.se\/wp-content\/uploads\/2026\/04\/a52adb2cc17c46cb72629005a2c9ae0ea9510f01.jpg 1440w, https:\/\/signally.se\/wp-content\/uploads\/2026\/04\/a52adb2cc17c46cb72629005a2c9ae0ea9510f01-300x169.jpg 300w, https:\/\/signally.se\/wp-content\/uploads\/2026\/04\/a52adb2cc17c46cb72629005a2c9ae0ea9510f01-1024x576.jpg 1024w, https:\/\/signally.se\/wp-content\/uploads\/2026\/04\/a52adb2cc17c46cb72629005a2c9ae0ea9510f01-768x432.jpg 768w, https:\/\/signally.se\/wp-content\/uploads\/2026\/04\/a52adb2cc17c46cb72629005a2c9ae0ea9510f01-18x10.jpg 18w\" sizes=\"auto, (max-width: 1440px) 100vw, 1440px\" \/><\/figure><div class=\"wp-block-media-text__content\">\n<div class=\"wp-block-group is-style-default has-global-padding is-layout-constrained wp-container-core-group-is-layout-9a7b35d3 wp-block-group-is-layout-constrained\" style=\"padding-top:var(--wp--preset--spacing--40);padding-right:var(--wp--preset--spacing--30);padding-bottom:var(--wp--preset--spacing--40);padding-left:var(--wp--preset--spacing--30)\">\n<h3 class=\"wp-block-heading\" style=\"font-size:clamp(15.747px, 0.984rem + ((1vw - 3.2px) * 0.86), 24px);\">L\u00e4nkstrategier<\/h3>\n\n\n\n<p class=\"has-small-font-size\">Skapa kraftfulla l\u00e4nksignaler som st\u00e4rker webbplatsens auktoritet och synlighet.<\/p>\n<\/div>\n<\/div><\/div>\n<\/div>\n\n\n\n<div class=\"wp-block-column ext-animate--on is-layout-flow wp-container-core-column-is-layout-119bc444 wp-block-column-is-layout-flow\">\n<div class=\"wp-block-media-text is-stacked-on-mobile is-image-fill-element is-style-ext-preset--media-text--natural-1--card-1 has-background-background-color has-background is-style-ext-preset--media-text--natural-1--card-1--9\"><figure class=\"wp-block-media-text__media\"><img loading=\"lazy\" decoding=\"async\" width=\"1440\" height=\"960\" class=\"wp-image-58 size-full\" src=\"https:\/\/signally.se\/wp-content\/uploads\/2026\/04\/d76a5e687e915c4ed334cb89dfda0805f89a9414.jpg\" alt=\"\" style=\"object-position:50% 50%\" srcset=\"https:\/\/signally.se\/wp-content\/uploads\/2026\/04\/d76a5e687e915c4ed334cb89dfda0805f89a9414.jpg 1440w, https:\/\/signally.se\/wp-content\/uploads\/2026\/04\/d76a5e687e915c4ed334cb89dfda0805f89a9414-300x200.jpg 300w, https:\/\/signally.se\/wp-content\/uploads\/2026\/04\/d76a5e687e915c4ed334cb89dfda0805f89a9414-1024x683.jpg 1024w, https:\/\/signally.se\/wp-content\/uploads\/2026\/04\/d76a5e687e915c4ed334cb89dfda0805f89a9414-768x512.jpg 768w, https:\/\/signally.se\/wp-content\/uploads\/2026\/04\/d76a5e687e915c4ed334cb89dfda0805f89a9414-18x12.jpg 18w\" sizes=\"auto, (max-width: 1440px) 100vw, 1440px\" \/><\/figure><div class=\"wp-block-media-text__content\">\n<div class=\"wp-block-group is-style-default has-global-padding is-layout-constrained wp-container-core-group-is-layout-9a7b35d3 wp-block-group-is-layout-constrained\" style=\"padding-top:var(--wp--preset--spacing--40);padding-right:var(--wp--preset--spacing--30);padding-bottom:var(--wp--preset--spacing--40);padding-left:var(--wp--preset--spacing--30)\">\n<h3 class=\"wp-block-heading\" style=\"font-size:clamp(15.747px, 0.984rem + ((1vw - 3.2px) * 0.86), 24px);\">GEO-Optimering<\/h3>\n\n\n\n<p class=\"has-small-font-size\">Anpassa inneh\u00e5ll och teknik f\u00f6r att n\u00e5 r\u00e4tt publik p\u00e5 lokala och internationella marknader.<\/p>\n<\/div>\n<\/div><\/div>\n<\/div>\n<\/div>\n<\/div>\n\n<div class=\"wp-block-group alignfull is-style-ext-preset--group--natural-1--section has-background-background-color has-background has-global-padding is-layout-constrained wp-container-core-group-is-layout-e955bbaf wp-block-group-is-layout-constrained is-style-ext-preset--group--natural-1--section--10\" style=\"margin-top:0;margin-bottom:0;padding-top:var(--wp--preset--spacing--70);padding-bottom:var(--wp--preset--spacing--70)\">\n<h2 class=\"wp-block-heading has-text-align-center ext-animate--on\">Uppt\u00e4ck exklusiva insikter och kraftfulla strategier<\/h2>\n\n\n\n<p class=\"has-text-align-center ext-animate--on\" style=\"margin-top:1.5rem\">H\u00e4r sammanfattas de viktigaste f\u00f6rdelarna och det unika v\u00e4rdet av v\u00e5ra SEO-, GEO- och AIO-l\u00f6sningar.<\/p>\n\n\n\n<div class=\"wp-block-columns alignwide is-layout-flex wp-container-core-columns-is-layout-08c01c1c wp-block-columns-is-layout-flex\">\n<div class=\"wp-block-column is-vertically-aligned-stretch ext-animate--on is-layout-flow wp-container-core-column-is-layout-f5bb311e wp-block-column-is-layout-flow\">\n<div class=\"wp-block-group is-style-ext-preset--group--natural-1--item-card-1--align-center has-global-padding is-layout-constrained wp-block-group-is-layout-constrained is-style-ext-preset--group--natural-1--item-card-1--align-center--11\">\n<figure class=\"wp-block-image aligncenter size-large ext-aspect-landscape\"><img loading=\"lazy\" decoding=\"async\" width=\"1440\" height=\"961\" class=\"wp-image-53\" src=\"https:\/\/signally.se\/wp-content\/uploads\/2026\/04\/487b696d978ede88d6c868591472d676c2b4b541.jpg\" alt=\"\" style=\"aspect-ratio:4\/3;object-fit:cover\" srcset=\"https:\/\/signally.se\/wp-content\/uploads\/2026\/04\/487b696d978ede88d6c868591472d676c2b4b541.jpg 1440w, https:\/\/signally.se\/wp-content\/uploads\/2026\/04\/487b696d978ede88d6c868591472d676c2b4b541-300x200.jpg 300w, https:\/\/signally.se\/wp-content\/uploads\/2026\/04\/487b696d978ede88d6c868591472d676c2b4b541-1024x683.jpg 1024w, https:\/\/signally.se\/wp-content\/uploads\/2026\/04\/487b696d978ede88d6c868591472d676c2b4b541-768x513.jpg 768w, https:\/\/signally.se\/wp-content\/uploads\/2026\/04\/487b696d978ede88d6c868591472d676c2b4b541-18x12.jpg 18w\" sizes=\"auto, (max-width: 1440px) 100vw, 1440px\" \/><\/figure>\n\n\n\n<div class=\"wp-block-group is-style-default has-global-padding is-layout-constrained wp-block-group-is-layout-constrained\">\n<h3 class=\"wp-block-heading has-text-align-center\">SEO-optimering i v\u00e4rldsklass<\/h3>\n\n\n\n<p class=\"has-text-align-center\">V\u00e5r SEO-strategi s\u00e4kerst\u00e4ller att din webbplats har en robust teknisk grund som lockar b\u00e5de anv\u00e4ndare och AI, vilket maximerar synlighet och trafik.<\/p>\n<\/div>\n<\/div>\n<\/div>\n\n\n\n<div class=\"wp-block-column is-vertically-aligned-stretch ext-animate--on is-layout-flow wp-container-core-column-is-layout-f5bb311e wp-block-column-is-layout-flow\">\n<div class=\"wp-block-group is-style-ext-preset--group--natural-1--item-card-1--align-center has-global-padding is-layout-constrained wp-block-group-is-layout-constrained is-style-ext-preset--group--natural-1--item-card-1--align-center--12\">\n<figure class=\"wp-block-image aligncenter size-large ext-aspect-landscape\"><img loading=\"lazy\" decoding=\"async\" width=\"1440\" height=\"960\" class=\"wp-image-57\" src=\"https:\/\/signally.se\/wp-content\/uploads\/2026\/04\/a66bf9b1a6d7809f2f058323587653be7a9de83b.jpg\" alt=\"\" style=\"aspect-ratio:4\/3;object-fit:cover\" srcset=\"https:\/\/signally.se\/wp-content\/uploads\/2026\/04\/a66bf9b1a6d7809f2f058323587653be7a9de83b.jpg 1440w, https:\/\/signally.se\/wp-content\/uploads\/2026\/04\/a66bf9b1a6d7809f2f058323587653be7a9de83b-300x200.jpg 300w, https:\/\/signally.se\/wp-content\/uploads\/2026\/04\/a66bf9b1a6d7809f2f058323587653be7a9de83b-1024x683.jpg 1024w, https:\/\/signally.se\/wp-content\/uploads\/2026\/04\/a66bf9b1a6d7809f2f058323587653be7a9de83b-768x512.jpg 768w, https:\/\/signally.se\/wp-content\/uploads\/2026\/04\/a66bf9b1a6d7809f2f058323587653be7a9de83b-18x12.jpg 18w\" sizes=\"auto, (max-width: 1440px) 100vw, 1440px\" \/><\/figure>\n\n\n\n<div class=\"wp-block-group is-style-default has-global-padding is-layout-constrained wp-block-group-is-layout-constrained\">\n<h3 class=\"wp-block-heading has-text-align-center\">Geografiskt anpassade l\u00f6sningar<\/h3>\n\n\n\n<p class=\"has-text-align-center\">Genom att anv\u00e4nda GEO-data hj\u00e4lper vi dig att skapa inneh\u00e5ll och l\u00e4nksignaler som \u00e4r relevanta f\u00f6r m\u00e5lgrupper i Norden och globalt.<\/p>\n<\/div>\n<\/div>\n<\/div>\n\n\n\n<div class=\"wp-block-column is-vertically-aligned-stretch ext-animate--on is-layout-flow wp-container-core-column-is-layout-f5bb311e wp-block-column-is-layout-flow\">\n<div class=\"wp-block-group is-style-ext-preset--group--natural-1--item-card-1--align-center has-global-padding is-layout-constrained wp-block-group-is-layout-constrained is-style-ext-preset--group--natural-1--item-card-1--align-center--13\">\n<figure class=\"wp-block-image aligncenter size-large ext-aspect-landscape\"><img loading=\"lazy\" decoding=\"async\" width=\"1440\" height=\"960\" class=\"wp-image-56\" src=\"https:\/\/signally.se\/wp-content\/uploads\/2026\/04\/101dcc418e38471b267dcf327789ce2a067dc2c1.jpg\" alt=\"\" style=\"aspect-ratio:4\/3;object-fit:cover\" srcset=\"https:\/\/signally.se\/wp-content\/uploads\/2026\/04\/101dcc418e38471b267dcf327789ce2a067dc2c1.jpg 1440w, https:\/\/signally.se\/wp-content\/uploads\/2026\/04\/101dcc418e38471b267dcf327789ce2a067dc2c1-300x200.jpg 300w, https:\/\/signally.se\/wp-content\/uploads\/2026\/04\/101dcc418e38471b267dcf327789ce2a067dc2c1-1024x683.jpg 1024w, https:\/\/signally.se\/wp-content\/uploads\/2026\/04\/101dcc418e38471b267dcf327789ce2a067dc2c1-768x512.jpg 768w, https:\/\/signally.se\/wp-content\/uploads\/2026\/04\/101dcc418e38471b267dcf327789ce2a067dc2c1-18x12.jpg 18w\" sizes=\"auto, (max-width: 1440px) 100vw, 1440px\" \/><\/figure>\n\n\n\n<div class=\"wp-block-group is-style-default has-global-padding is-layout-constrained wp-block-group-is-layout-constrained\">\n<h3 class=\"wp-block-heading\">Integrerad AI-anpassning<\/h3>\n\n\n\n<p class=\"has-text-align-center\">Vi kombinerar AI-tekniker med m\u00e4nsklig insikt f\u00f6r att bygga webbplatser som \u00e4r b\u00e5de effektiva och framtidss\u00e4kra.<\/p>\n<\/div>\n<\/div>\n<\/div>\n<\/div>\n\n\n\n<div class=\"wp-block-buttons ext-animate--on is-content-justification-center is-layout-flex wp-container-core-buttons-is-layout-a89b3969 wp-block-buttons-is-layout-flex\">\n<div class=\"wp-block-button is-style-ext-preset--button--natural-1--button-1 is-style-ext-preset--button--natural-1--button-1--14\"><a class=\"wp-block-button__link wp-element-button\" href=\"https:\/\/signally.se\/kontakt\">L\u00e4s vidare<\/a><\/div>\n<\/div>\n<\/div>\n","protected":false},"excerpt":{"rendered":"<p>Bygg kraftfulla SEO-l\u00f6sningar med Signally Det h\u00e4r avsnittet belyser ditt f\u00f6retags k\u00e4rnv\u00e4rden och m\u00e5l, och ger en tydlig sammanfattning av dess syfte och vision. Det f\u00f6rklarar den v\u00e4gledande princip som formar dina aff\u00e4rsstrategier och framtidsplaner. St\u00e4rk din webbplats med strategisk SEO och teknisk precision Den h\u00e4r sektionen lyfter fram k\u00e4rnfunktioner och unika styrkor, och visar [&hellip;]<\/p>\n","protected":false},"author":1,"featured_media":0,"parent":0,"menu_order":0,"comment_status":"closed","ping_status":"closed","template":"page-with-title","meta":{"_monsterinsights_skip_tracking":false,"_monsterinsights_sitenote_active":false,"_monsterinsights_sitenote_note":"","_monsterinsights_sitenote_category":0,"footnotes":""},"class_list":["post-21","page","type-page","status-publish","hentry"],"_links":{"self":[{"href":"https:\/\/signally.se\/sv\/wp-json\/wp\/v2\/pages\/21","targetHints":{"allow":["GET"]}}],"collection":[{"href":"https:\/\/signally.se\/sv\/wp-json\/wp\/v2\/pages"}],"about":[{"href":"https:\/\/signally.se\/sv\/wp-json\/wp\/v2\/types\/page"}],"author":[{"embeddable":true,"href":"https:\/\/signally.se\/sv\/wp-json\/wp\/v2\/users\/1"}],"replies":[{"embeddable":true,"href":"https:\/\/signally.se\/sv\/wp-json\/wp\/v2\/comments?post=21"}],"version-history":[{"count":2,"href":"https:\/\/signally.se\/sv\/wp-json\/wp\/v2\/pages\/21\/revisions"}],"predecessor-version":[{"id":59,"href":"https:\/\/signally.se\/sv\/wp-json\/wp\/v2\/pages\/21\/revisions\/59"}],"wp:attachment":[{"href":"https:\/\/signally.se\/sv\/wp-json\/wp\/v2\/media?parent=21"}],"curies":[{"name":"wp","href":"https:\/\/api.w.org\/{rel}","templated":true}]}}