{"id":24,"date":"2026-04-08T11:44:19","date_gmt":"2026-04-08T11:44:19","guid":{"rendered":"https:\/\/signally.se\/resurser\/"},"modified":"2026-04-08T11:49:46","modified_gmt":"2026-04-08T11:49:46","slug":"resurser","status":"publish","type":"page","link":"https:\/\/signally.se\/sv\/resurser\/","title":{"rendered":"Resurser"},"content":{"rendered":"\n<div class=\"wp-block-group alignfull is-style-ext-preset--group--natural-1--section has-background-background-color has-background has-global-padding is-layout-constrained wp-container-core-group-is-layout-e955bbaf wp-block-group-is-layout-constrained is-style-ext-preset--group--natural-1--section--1\" id=\"resurser\" style=\"margin-top:0;margin-bottom:0;padding-top:var(--wp--preset--spacing--70);padding-bottom:var(--wp--preset--spacing--70)\">\n<div class=\"wp-block-group alignwide ext-is-logical-start has-global-padding is-content-justification-left is-layout-constrained wp-container-core-group-is-layout-6729bdbe wp-block-group-is-layout-constrained\">\n<h2 class=\"wp-block-heading ext-animate--on\">Maximera din r\u00e4ckvidd med avancerade GEO-strategier<\/h2>\n\n\n\n<p class=\"ext-animate--on\">Uppt\u00e4ck v\u00e5ra utvalda resurser som hj\u00e4lper dig att bem\u00e4stra SEO, GEO och AIO f\u00f6r premiumwebbplatser.<\/p>\n<\/div>\n\n\n\n<div class=\"wp-block-columns alignwide is-layout-flex wp-container-core-columns-is-layout-08c01c1c wp-block-columns-is-layout-flex\">\n<div class=\"wp-block-column is-vertically-aligned-stretch ext-animate--on is-layout-flow wp-container-core-column-is-layout-f5bb311e wp-block-column-is-layout-flow\">\n<div class=\"wp-block-group is-style-ext-preset--group--natural-1--item-card-1--align-start has-global-padding is-layout-constrained wp-block-group-is-layout-constrained is-style-ext-preset--group--natural-1--item-card-1--align-start--2\">\n<div class=\"wp-block-group is-style-default has-global-padding is-layout-constrained wp-block-group-is-layout-constrained\">\n<figure class=\"wp-block-image size-large ext-aspect-landscape wp-duotone-primary-foreground\"><img decoding=\"async\" src=\"data:image\/svg+xml;base64,PHN2ZyB4bWxucz0iaHR0cDovL3d3dy53My5vcmcvMjAwMC9zdmciIHdpZHRoPSI0OCIgaGVpZ2h0PSI0OCIgZmlsbD0iIzAwMDAwMCIgdmlld0JveD0iMCAwIDI1NiAyNTYiPjxwYXRoIGQ9Ik0xNzIsNzZhNDQsNDQsMCwxLDAtNDQsNDRBNDQuMDUsNDQuMDUsMCwwLDAsMTcyLDc2Wm0tNDQsMjhhMjgsMjgsMCwxLDEsMjgtMjhBMjgsMjgsMCwwLDEsMTI4LDEwNFptNjAsMjRhNDQsNDQsMCwxLDAsNDQsNDRBNDQuMDUsNDQuMDUsMCwwLDAsMTg4LDEyOFptMCw3MmEyOCwyOCwwLDEsMSwyOC0yOEEyOCwyOCwwLDAsMSwxODgsMjAwWk02OCwxMjhhNDQsNDQsMCwxLDAsNDQsNDRBNDQuMDUsNDQuMDUsMCwwLDAsNjgsMTI4Wm0wLDcyYTI4LDI4LDAsMSwxLDI4LTI4QTI4LDI4LDAsMCwxLDY4LDIwMFoiPjwvcGF0aD48L3N2Zz4=\" alt=\"\" style=\"object-fit:cover\"\/><\/figure>\n\n\n\n<h3 class=\"wp-block-heading\">SEO-grunder<\/h3>\n\n\n\n<p>L\u00e4r dig de fundamentala principerna f\u00f6r att st\u00e4rka din webbplats synlighet och trafik.<\/p>\n\n\n\n<div class=\"wp-block-buttons is-layout-flex wp-block-buttons-is-layout-flex\">\n<div class=\"wp-block-button is-style-ext-preset--button--natural-1--button-1 is-style-ext-preset--button--natural-1--button-1--3\"><a class=\"wp-block-button__link wp-element-button\" href=\"https:\/\/signally.se\/kontakt\">L\u00e4s mer<\/a><\/div>\n<\/div>\n<\/div>\n<\/div>\n<\/div>\n\n\n\n<div class=\"wp-block-column is-vertically-aligned-stretch ext-animate--on is-layout-flow wp-container-core-column-is-layout-f5bb311e wp-block-column-is-layout-flow\">\n<div class=\"wp-block-group is-style-ext-preset--group--natural-1--item-card-1--align-start has-global-padding is-layout-constrained wp-block-group-is-layout-constrained is-style-ext-preset--group--natural-1--item-card-1--align-start--4\">\n<div class=\"wp-block-group is-style-default has-global-padding is-layout-constrained wp-block-group-is-layout-constrained\">\n<figure class=\"wp-block-image size-large ext-aspect-landscape wp-duotone-primary-foreground\"><img decoding=\"async\" src=\"data:image\/svg+xml;base64,PHN2ZyB4bWxucz0iaHR0cDovL3d3dy53My5vcmcvMjAwMC9zdmciIHdpZHRoPSI0OCIgaGVpZ2h0PSI0OCIgZmlsbD0iIzAwMDAwMCIgdmlld0JveD0iMCAwIDI1NiAyNTYiPjxwYXRoIGQ9Ik04MCw0MGE0MCw0MCwwLDEsMCw0MCw0MEE0MCw0MCwwLDAsMCw4MCw0MFptMCw2NGEyNCwyNCwwLDEsMSwyNC0yNEEyNCwyNCwwLDAsMSw4MCwxMDRabTk2LDE2YTQwLDQwLDAsMSwwLTQwLTQwQTQwLDQwLDAsMCwwLDE3NiwxMjBabTAtNjRhMjQsMjQsMCwxLDEtMjQsMjRBMjQsMjQsMCwwLDEsMTc2LDU2Wk04MCwxMzZhNDAsNDAsMCwxLDAsNDAsNDBBNDAsNDAsMCwwLDAsODAsMTM2Wm0wLDY0YTI0LDI0LDAsMSwxLDI0LTI0QTI0LDI0LDAsMCwxLDgwLDIwMFptOTYtNjRhNDAsNDAsMCwxLDAsNDAsNDBBNDAsNDAsMCwwLDAsMTc2LDEzNlptMCw2NGEyNCwyNCwwLDEsMSwyNC0yNEEyNCwyNCwwLDAsMSwxNzYsMjAwWiI+PC9wYXRoPjwvc3ZnPg==\" alt=\"\" style=\"object-fit:cover\"\/><\/figure>\n\n\n\n<h3 class=\"wp-block-heading\">Teknisk Optimering<\/h3>\n\n\n\n<p>F\u00f6rdjupa dig i innovativa tekniska l\u00f6sningar f\u00f6r att skapa starka webbplattformar.<\/p>\n\n\n\n<div class=\"wp-block-buttons is-layout-flex wp-block-buttons-is-layout-flex\">\n<div class=\"wp-block-button is-style-ext-preset--button--natural-1--button-1 is-style-ext-preset--button--natural-1--button-1--5\"><a class=\"wp-block-button__link wp-element-button\" href=\"https:\/\/signally.se\/kontakt\">L\u00e4s mer<\/a><\/div>\n<\/div>\n<\/div>\n<\/div>\n<\/div>\n\n\n\n<div class=\"wp-block-column is-vertically-aligned-stretch ext-animate--on is-layout-flow wp-container-core-column-is-layout-f5bb311e wp-block-column-is-layout-flow\">\n<div class=\"wp-block-group is-style-ext-preset--group--natural-1--item-card-1--align-start has-global-padding is-layout-constrained wp-block-group-is-layout-constrained is-style-ext-preset--group--natural-1--item-card-1--align-start--6\">\n<div class=\"wp-block-group is-style-default has-global-padding is-layout-constrained wp-block-group-is-layout-constrained\">\n<figure class=\"wp-block-image size-large ext-aspect-landscape wp-duotone-primary-foreground\"><img decoding=\"async\" src=\"data:image\/svg+xml;base64,PHN2ZyB4bWxucz0iaHR0cDovL3d3dy53My5vcmcvMjAwMC9zdmciIHdpZHRoPSI0OCIgaGVpZ2h0PSI0OCIgZmlsbD0iIzAwMDAwMCIgdmlld0JveD0iMCAwIDI1NiAyNTYiPjxwYXRoIGQ9Ik04MCw0MGE0MCw0MCwwLDEsMCw0MCw0MEE0MCw0MCwwLDAsMCw4MCw0MFptMCw2NGEyNCwyNCwwLDEsMSwyNC0yNEEyNCwyNCwwLDAsMSw4MCwxMDRabTk2LDE2YTQwLDQwLDAsMSwwLTQwLTQwQTQwLDQwLDAsMCwwLDE3NiwxMjBabTAtNjRhMjQsMjQsMCwxLDEtMjQsMjRBMjQsMjQsMCwwLDEsMTc2LDU2Wk04MCwxMzZhNDAsNDAsMCwxLDAsNDAsNDBBNDAsNDAsMCwwLDAsODAsMTM2Wm0wLDY0YTI0LDI0LDAsMSwxLDI0LTI0QTI0LDI0LDAsMCwxLDgwLDIwMFptMTM2LTI0YTgsOCwwLDAsMS04LDhIMTg0djI0YTgsOCwwLDAsMS0xNiwwVjE4NEgxNDRhOCw4LDAsMCwxLDAtMTZoMjRWMTQ0YTgsOCwwLDAsMSwxNiwwdjI0aDI0QTgsOCwwLDAsMSwyMTYsMTc2WiI+PC9wYXRoPjwvc3ZnPg==\" alt=\"\" style=\"object-fit:cover\"\/><\/figure>\n\n\n\n<h3 class=\"wp-block-heading\">L\u00e4nksignaler &amp; Inneh\u00e5ll<\/h3>\n\n\n\n<p>Utforska metoder f\u00f6r att bygga kvalitativa l\u00e4nkar och engagerande inneh\u00e5ll som tilltalar b\u00e5de m\u00e4nniskor och AI.<\/p>\n\n\n\n<div class=\"wp-block-buttons is-layout-flex wp-block-buttons-is-layout-flex\">\n<div class=\"wp-block-button is-style-ext-preset--button--natural-1--button-1 is-style-ext-preset--button--natural-1--button-1--7\"><a class=\"wp-block-button__link wp-element-button\" href=\"https:\/\/signally.se\/kontakt\">L\u00e4s mer<\/a><\/div>\n<\/div>\n<\/div>\n<\/div>\n<\/div>\n<\/div>\n<\/div>\n\n<div class=\"wp-block-group alignfull is-style-ext-preset--group--natural-1--section has-tertiary-background-color has-background has-global-padding is-layout-constrained wp-container-core-group-is-layout-e955bbaf wp-block-group-is-layout-constrained is-style-ext-preset--group--natural-1--section--8\" id=\"faq\" style=\"margin-top:0;margin-bottom:0;padding-top:var(--wp--preset--spacing--70);padding-bottom:var(--wp--preset--spacing--70)\">\n<h2 class=\"wp-block-heading has-text-align-center\">Skapa morgondagens webb med SEO och GEO<\/h2>\n\n\n\n<p class=\"has-text-align-center ext-animate--on\" style=\"margin-top:1.5rem\">H\u00e4r hittar du svar p\u00e5 vanliga fr\u00e5gor om SEO, GEO och AIO f\u00f6r att snabbt f\u00e5 r\u00e4tt information.<\/p>\n\n\n\n<div class=\"wp-block-group alignwide has-global-padding is-content-justification-center is-layout-constrained wp-container-core-group-is-layout-8f997a6a wp-block-group-is-layout-constrained\">\n<div class=\"wp-block-group is-style-ext-preset--group--natural-1--item-card-1--align-start ext-animate--on is-layout-flow wp-block-group-is-layout-flow is-style-ext-preset--group--natural-1--item-card-1--align-start--9\">\n<div class=\"wp-block-group is-style-default is-layout-flow wp-block-group-is-layout-flow\">\n<h3 class=\"wp-block-heading\">Vad inneb\u00e4r AIO-strategier f\u00f6r webbplatser?<\/h3>\n\n\n\n<p>AIO-strategier kombinerar AI, SEO och GEO f\u00f6r att optimera webbprestanda och anv\u00e4ndarupplevelse.<\/p>\n<\/div>\n<\/div>\n\n\n\n<div class=\"wp-block-group is-style-ext-preset--group--natural-1--item-card-1--align-start ext-animate--on is-layout-flow wp-block-group-is-layout-flow is-style-ext-preset--group--natural-1--item-card-1--align-start--10\">\n<div class=\"wp-block-group is-style-default is-layout-flow wp-block-group-is-layout-flow\">\n<h3 class=\"wp-block-heading\">Hur f\u00f6rb\u00e4ttrar GEO min webbplats ranking?<\/h3>\n\n\n\n<p>GEO optimerar inneh\u00e5ll och l\u00e4nkar baserat p\u00e5 geografiska data f\u00f6r b\u00e4ttre lokal synlighet.<\/p>\n<\/div>\n<\/div>\n\n\n\n<div class=\"wp-block-group is-style-ext-preset--group--natural-1--item-card-1--align-start ext-animate--on is-layout-flow wp-block-group-is-layout-flow is-style-ext-preset--group--natural-1--item-card-1--align-start--11\">\n<div class=\"wp-block-group is-style-default is-layout-flow wp-block-group-is-layout-flow\">\n<h3 class=\"wp-block-heading\">Varf\u00f6r \u00e4r teknisk SEO viktigt f\u00f6r premiumwebbplatser?<\/h3>\n\n\n\n<p>Teknisk SEO s\u00e4kerst\u00e4ller att webbplatsens struktur och kod \u00e4r optimerade f\u00f6r b\u00e5de anv\u00e4ndare och s\u00f6kmotorer.<\/p>\n<\/div>\n<\/div>\n\n\n\n<div class=\"wp-block-group is-style-ext-preset--group--natural-1--item-card-1--align-start ext-animate--on is-layout-flow wp-block-group-is-layout-flow is-style-ext-preset--group--natural-1--item-card-1--align-start--12\">\n<div class=\"wp-block-group is-style-default is-layout-flow wp-block-group-is-layout-flow\">\n<h3 class=\"wp-block-heading\">Hur skapar man effektiva l\u00e4nksignaler?<\/h3>\n\n\n\n<p>Effektiva l\u00e4nksignaler byggs genom kvalitativt inneh\u00e5ll och naturliga externa l\u00e4nkar.<\/p>\n<\/div>\n<\/div>\n<\/div>\n<\/div>\n\n<div class=\"wp-block-group alignfull is-style-ext-preset--group--natural-1--section has-background-background-color has-background has-global-padding is-layout-constrained wp-container-core-group-is-layout-e955bbaf wp-block-group-is-layout-constrained is-style-ext-preset--group--natural-1--section--13\" id=\"funktioner\" style=\"margin-top:0;margin-bottom:0;padding-top:var(--wp--preset--spacing--70);padding-bottom:var(--wp--preset--spacing--70)\">\n<div class=\"wp-block-group alignwide ext-is-logical-start has-global-padding is-content-justification-left is-layout-constrained wp-container-core-group-is-layout-6729bdbe wp-block-group-is-layout-constrained\">\n<h2 class=\"wp-block-heading ext-animate--on\">Bygg starka SEO- och AI-strategier f\u00f6r din webbplats<\/h2>\n\n\n\n<p class=\"has-text-align-left ext-animate--on\">H\u00e4r presenterar vi nyckelinsikter om SEO, GEO och AIO som g\u00f6r din webb unik och framg\u00e5ngsrik.<\/p>\n<\/div>\n\n\n\n<div class=\"wp-block-columns alignwide is-layout-flex wp-container-core-columns-is-layout-87beb0d0 wp-block-columns-is-layout-flex\">\n<div class=\"wp-block-column is-vertically-aligned-stretch ext-animate--on is-layout-flow wp-container-core-column-is-layout-119bc444 wp-block-column-is-layout-flow\">\n<div class=\"wp-block-media-text is-stacked-on-mobile is-image-fill-element is-style-ext-preset--media-text--natural-1--card-1 has-tertiary-background-color has-background is-style-ext-preset--media-text--natural-1--card-1--14\"><figure class=\"wp-block-media-text__media\"><img loading=\"lazy\" decoding=\"async\" width=\"1440\" height=\"960\" class=\"wp-image-56 size-full\" src=\"https:\/\/signally.se\/wp-content\/uploads\/2026\/04\/101dcc418e38471b267dcf327789ce2a067dc2c1.jpg\" alt=\"\" style=\"object-position:50% 50%\" srcset=\"https:\/\/signally.se\/wp-content\/uploads\/2026\/04\/101dcc418e38471b267dcf327789ce2a067dc2c1.jpg 1440w, https:\/\/signally.se\/wp-content\/uploads\/2026\/04\/101dcc418e38471b267dcf327789ce2a067dc2c1-300x200.jpg 300w, https:\/\/signally.se\/wp-content\/uploads\/2026\/04\/101dcc418e38471b267dcf327789ce2a067dc2c1-1024x683.jpg 1024w, https:\/\/signally.se\/wp-content\/uploads\/2026\/04\/101dcc418e38471b267dcf327789ce2a067dc2c1-768x512.jpg 768w, https:\/\/signally.se\/wp-content\/uploads\/2026\/04\/101dcc418e38471b267dcf327789ce2a067dc2c1-18x12.jpg 18w\" sizes=\"auto, (max-width: 1440px) 100vw, 1440px\" \/><\/figure><div class=\"wp-block-media-text__content\">\n<div class=\"wp-block-group is-style-default has-global-padding is-layout-constrained wp-container-core-group-is-layout-9a7b35d3 wp-block-group-is-layout-constrained\" style=\"padding-top:var(--wp--preset--spacing--40);padding-right:var(--wp--preset--spacing--30);padding-bottom:var(--wp--preset--spacing--40);padding-left:var(--wp--preset--spacing--30)\">\n<h3 class=\"wp-block-heading\" style=\"font-size:clamp(15.747px, 0.984rem + ((1vw - 3.2px) * 0.86), 24px);\">Teknisk Grund<\/h3>\n\n\n\n<p class=\"has-small-font-size\">Skapa en solid teknisk plattform som st\u00f6der b\u00e5de anv\u00e4ndare och AI.<\/p>\n<\/div>\n<\/div><\/div>\n<\/div>\n\n\n\n<div class=\"wp-block-column is-vertically-aligned-stretch ext-animate--on is-layout-flow wp-container-core-column-is-layout-119bc444 wp-block-column-is-layout-flow\">\n<div class=\"wp-block-media-text is-stacked-on-mobile is-image-fill-element is-style-ext-preset--media-text--natural-1--card-1 has-tertiary-background-color has-background is-style-ext-preset--media-text--natural-1--card-1--15\"><figure class=\"wp-block-media-text__media\"><img loading=\"lazy\" decoding=\"async\" width=\"1440\" height=\"960\" class=\"wp-image-57 size-full\" src=\"https:\/\/signally.se\/wp-content\/uploads\/2026\/04\/a66bf9b1a6d7809f2f058323587653be7a9de83b.jpg\" alt=\"\" style=\"object-position:50% 50%\" srcset=\"https:\/\/signally.se\/wp-content\/uploads\/2026\/04\/a66bf9b1a6d7809f2f058323587653be7a9de83b.jpg 1440w, https:\/\/signally.se\/wp-content\/uploads\/2026\/04\/a66bf9b1a6d7809f2f058323587653be7a9de83b-300x200.jpg 300w, https:\/\/signally.se\/wp-content\/uploads\/2026\/04\/a66bf9b1a6d7809f2f058323587653be7a9de83b-1024x683.jpg 1024w, https:\/\/signally.se\/wp-content\/uploads\/2026\/04\/a66bf9b1a6d7809f2f058323587653be7a9de83b-768x512.jpg 768w, https:\/\/signally.se\/wp-content\/uploads\/2026\/04\/a66bf9b1a6d7809f2f058323587653be7a9de83b-18x12.jpg 18w\" sizes=\"auto, (max-width: 1440px) 100vw, 1440px\" \/><\/figure><div class=\"wp-block-media-text__content\">\n<div class=\"wp-block-group is-style-default has-global-padding is-layout-constrained wp-container-core-group-is-layout-9a7b35d3 wp-block-group-is-layout-constrained\" style=\"padding-top:var(--wp--preset--spacing--40);padding-right:var(--wp--preset--spacing--30);padding-bottom:var(--wp--preset--spacing--40);padding-left:var(--wp--preset--spacing--30)\">\n<h3 class=\"wp-block-heading\" style=\"font-size:clamp(15.747px, 0.984rem + ((1vw - 3.2px) * 0.86), 24px);\">Inneh\u00e5llsstrategi<\/h3>\n\n\n\n<p class=\"has-small-font-size\">Utveckla inneh\u00e5ll som engagerar och rankar h\u00f6gt i s\u00f6kmotorer.<\/p>\n<\/div>\n<\/div><\/div>\n<\/div>\n<\/div>\n\n\n\n<div class=\"wp-block-columns alignwide is-layout-flex wp-container-core-columns-is-layout-e12f0bcd wp-block-columns-is-layout-flex\" style=\"margin-top:var(--wp--preset--spacing--30)\">\n<div class=\"wp-block-column ext-animate--on is-layout-flow wp-container-core-column-is-layout-119bc444 wp-block-column-is-layout-flow\">\n<div class=\"wp-block-media-text is-stacked-on-mobile is-image-fill-element is-style-ext-preset--media-text--natural-1--card-1 has-tertiary-background-color has-background is-style-ext-preset--media-text--natural-1--card-1--16\"><figure class=\"wp-block-media-text__media\"><img loading=\"lazy\" decoding=\"async\" width=\"1440\" height=\"810\" class=\"wp-image-55 size-full\" src=\"https:\/\/signally.se\/wp-content\/uploads\/2026\/04\/a52adb2cc17c46cb72629005a2c9ae0ea9510f01.jpg\" alt=\"\" style=\"object-position:50% 50%\" srcset=\"https:\/\/signally.se\/wp-content\/uploads\/2026\/04\/a52adb2cc17c46cb72629005a2c9ae0ea9510f01.jpg 1440w, https:\/\/signally.se\/wp-content\/uploads\/2026\/04\/a52adb2cc17c46cb72629005a2c9ae0ea9510f01-300x169.jpg 300w, https:\/\/signally.se\/wp-content\/uploads\/2026\/04\/a52adb2cc17c46cb72629005a2c9ae0ea9510f01-1024x576.jpg 1024w, https:\/\/signally.se\/wp-content\/uploads\/2026\/04\/a52adb2cc17c46cb72629005a2c9ae0ea9510f01-768x432.jpg 768w, https:\/\/signally.se\/wp-content\/uploads\/2026\/04\/a52adb2cc17c46cb72629005a2c9ae0ea9510f01-18x10.jpg 18w\" sizes=\"auto, (max-width: 1440px) 100vw, 1440px\" \/><\/figure><div class=\"wp-block-media-text__content\">\n<div class=\"wp-block-group is-style-default has-global-padding is-layout-constrained wp-container-core-group-is-layout-9a7b35d3 wp-block-group-is-layout-constrained\" style=\"padding-top:var(--wp--preset--spacing--40);padding-right:var(--wp--preset--spacing--30);padding-bottom:var(--wp--preset--spacing--40);padding-left:var(--wp--preset--spacing--30)\">\n<h3 class=\"wp-block-heading\" style=\"font-size:clamp(15.747px, 0.984rem + ((1vw - 3.2px) * 0.86), 24px);\">L\u00e4nkbyggande Signals<\/h3>\n\n\n\n<p class=\"has-small-font-size\">Bygg kvalitativa l\u00e4nkar som st\u00e4rker din webbplats auktoritet och trov\u00e4rdighet.<\/p>\n<\/div>\n<\/div><\/div>\n<\/div>\n\n\n\n<div class=\"wp-block-column ext-animate--on is-layout-flow wp-container-core-column-is-layout-119bc444 wp-block-column-is-layout-flow\">\n<div class=\"wp-block-media-text is-stacked-on-mobile is-image-fill-element is-style-ext-preset--media-text--natural-1--card-1 has-tertiary-background-color has-background is-style-ext-preset--media-text--natural-1--card-1--17\"><figure class=\"wp-block-media-text__media\"><img loading=\"lazy\" decoding=\"async\" width=\"1440\" height=\"960\" class=\"wp-image-58 size-full\" src=\"https:\/\/signally.se\/wp-content\/uploads\/2026\/04\/d76a5e687e915c4ed334cb89dfda0805f89a9414.jpg\" alt=\"\" style=\"object-position:50% 50%\" srcset=\"https:\/\/signally.se\/wp-content\/uploads\/2026\/04\/d76a5e687e915c4ed334cb89dfda0805f89a9414.jpg 1440w, https:\/\/signally.se\/wp-content\/uploads\/2026\/04\/d76a5e687e915c4ed334cb89dfda0805f89a9414-300x200.jpg 300w, https:\/\/signally.se\/wp-content\/uploads\/2026\/04\/d76a5e687e915c4ed334cb89dfda0805f89a9414-1024x683.jpg 1024w, https:\/\/signally.se\/wp-content\/uploads\/2026\/04\/d76a5e687e915c4ed334cb89dfda0805f89a9414-768x512.jpg 768w, https:\/\/signally.se\/wp-content\/uploads\/2026\/04\/d76a5e687e915c4ed334cb89dfda0805f89a9414-18x12.jpg 18w\" sizes=\"auto, (max-width: 1440px) 100vw, 1440px\" \/><\/figure><div class=\"wp-block-media-text__content\">\n<div class=\"wp-block-group is-style-default has-global-padding is-layout-constrained wp-container-core-group-is-layout-9a7b35d3 wp-block-group-is-layout-constrained\" style=\"padding-top:var(--wp--preset--spacing--40);padding-right:var(--wp--preset--spacing--30);padding-bottom:var(--wp--preset--spacing--40);padding-left:var(--wp--preset--spacing--30)\">\n<h3 class=\"wp-block-heading\" style=\"font-size:clamp(15.747px, 0.984rem + ((1vw - 3.2px) * 0.86), 24px);\">Analyser och Optimering<\/h3>\n\n\n\n<p class=\"has-small-font-size\">Kontinuerlig dataanalys f\u00f6r att finjustera och f\u00f6rb\u00e4ttra din webbstrategi.<\/p>\n<\/div>\n<\/div><\/div>\n<\/div>\n<\/div>\n<\/div>\n","protected":false},"excerpt":{"rendered":"<p>Maximera din r\u00e4ckvidd med avancerade GEO-strategier Uppt\u00e4ck v\u00e5ra utvalda resurser som hj\u00e4lper dig att bem\u00e4stra SEO, GEO och AIO f\u00f6r premiumwebbplatser. SEO-grunder L\u00e4r dig de fundamentala principerna f\u00f6r att st\u00e4rka din webbplats synlighet och trafik. Teknisk Optimering F\u00f6rdjupa dig i innovativa tekniska l\u00f6sningar f\u00f6r att skapa starka webbplattformar. L\u00e4nksignaler &amp; Inneh\u00e5ll Utforska metoder f\u00f6r att [&hellip;]<\/p>\n","protected":false},"author":1,"featured_media":0,"parent":0,"menu_order":0,"comment_status":"closed","ping_status":"closed","template":"page-with-title","meta":{"_monsterinsights_skip_tracking":false,"_monsterinsights_sitenote_active":false,"_monsterinsights_sitenote_note":"","_monsterinsights_sitenote_category":0,"footnotes":""},"class_list":["post-24","page","type-page","status-publish","hentry"],"_links":{"self":[{"href":"https:\/\/signally.se\/sv\/wp-json\/wp\/v2\/pages\/24","targetHints":{"allow":["GET"]}}],"collection":[{"href":"https:\/\/signally.se\/sv\/wp-json\/wp\/v2\/pages"}],"about":[{"href":"https:\/\/signally.se\/sv\/wp-json\/wp\/v2\/types\/page"}],"author":[{"embeddable":true,"href":"https:\/\/signally.se\/sv\/wp-json\/wp\/v2\/users\/1"}],"replies":[{"embeddable":true,"href":"https:\/\/signally.se\/sv\/wp-json\/wp\/v2\/comments?post=24"}],"version-history":[{"count":2,"href":"https:\/\/signally.se\/sv\/wp-json\/wp\/v2\/pages\/24\/revisions"}],"predecessor-version":[{"id":64,"href":"https:\/\/signally.se\/sv\/wp-json\/wp\/v2\/pages\/24\/revisions\/64"}],"wp:attachment":[{"href":"https:\/\/signally.se\/sv\/wp-json\/wp\/v2\/media?parent=24"}],"curies":[{"name":"wp","href":"https:\/\/api.w.org\/{rel}","templated":true}]}}