{"id":25,"date":"2026-04-08T11:44:20","date_gmt":"2026-04-08T11:44:20","guid":{"rendered":"https:\/\/signally.se\/tjanster\/"},"modified":"2026-04-08T11:49:49","modified_gmt":"2026-04-08T11:49:49","slug":"tjanster","status":"publish","type":"page","link":"https:\/\/signally.se\/sv\/tjanster\/","title":{"rendered":"Tj\u00e4nster"},"content":{"rendered":"\n<div class=\"wp-block-group alignfull is-style-ext-preset--group--natural-1--section has-background-background-color has-background has-global-padding is-layout-constrained wp-container-core-group-is-layout-e955bbaf wp-block-group-is-layout-constrained is-style-ext-preset--group--natural-1--section--1\" id=\"tjanster\" style=\"margin-top:0;margin-bottom:0;padding-top:var(--wp--preset--spacing--70);padding-bottom:var(--wp--preset--spacing--70)\">\n<h2 class=\"wp-block-heading has-text-align-center ext-animate--on\">Strategier som engagerar b\u00e5de anv\u00e4ndare och AI-system<\/h2>\n\n\n\n<p class=\"has-text-align-center ext-animate--on\" style=\"margin-top:1.5rem\">Utforska v\u00e5rt breda tj\u00e4nsteutbud som kombinerar teknisk expertis med kundfokus f\u00f6r b\u00e4sta resultat.<\/p>\n\n\n\n<div class=\"wp-block-columns alignwide is-layout-flex wp-container-core-columns-is-layout-08c01c1c wp-block-columns-is-layout-flex\">\n<div class=\"wp-block-column ext-animate--on is-layout-flow wp-block-column-is-layout-flow\">\n<div class=\"wp-block-group is-style-ext-preset--group--natural-1--item-card-1--align-center has-global-padding is-layout-constrained wp-block-group-is-layout-constrained is-style-ext-preset--group--natural-1--item-card-1--align-center--2\">\n<figure class=\"wp-block-image\"><img loading=\"lazy\" decoding=\"async\" width=\"1440\" height=\"962\" class=\"wp-image-65\" src=\"https:\/\/signally.se\/wp-content\/uploads\/2026\/04\/b6558a77b79a6edebc5293c526d9115f777c3fab.jpg\" alt=\"\" style=\"aspect-ratio:4\/3;object-fit:cover\" srcset=\"https:\/\/signally.se\/wp-content\/uploads\/2026\/04\/b6558a77b79a6edebc5293c526d9115f777c3fab.jpg 1440w, https:\/\/signally.se\/wp-content\/uploads\/2026\/04\/b6558a77b79a6edebc5293c526d9115f777c3fab-300x200.jpg 300w, https:\/\/signally.se\/wp-content\/uploads\/2026\/04\/b6558a77b79a6edebc5293c526d9115f777c3fab-1024x684.jpg 1024w, https:\/\/signally.se\/wp-content\/uploads\/2026\/04\/b6558a77b79a6edebc5293c526d9115f777c3fab-768x513.jpg 768w, https:\/\/signally.se\/wp-content\/uploads\/2026\/04\/b6558a77b79a6edebc5293c526d9115f777c3fab-18x12.jpg 18w\" sizes=\"auto, (max-width: 1440px) 100vw, 1440px\" \/><\/figure>\n\n\n\n<div class=\"wp-block-group is-style-default has-global-padding is-layout-constrained wp-block-group-is-layout-constrained\">\n<h3 class=\"wp-block-heading has-text-align-center\">Teknisk SEO-analys<\/h3>\n\n\n\n<p class=\"has-text-align-center\">Vi skr\u00e4ddarsyr analyser f\u00f6r att optimera din webbplats tekniska prestanda.<\/p>\n<\/div>\n<\/div>\n<\/div>\n\n\n\n<div class=\"wp-block-column ext-animate--on is-layout-flow wp-block-column-is-layout-flow\">\n<div class=\"wp-block-group is-style-ext-preset--group--natural-1--item-card-1--align-center has-global-padding is-layout-constrained wp-block-group-is-layout-constrained is-style-ext-preset--group--natural-1--item-card-1--align-center--3\">\n<figure class=\"wp-block-image\"><img loading=\"lazy\" decoding=\"async\" width=\"1440\" height=\"960\" class=\"wp-image-61\" src=\"https:\/\/signally.se\/wp-content\/uploads\/2026\/04\/6263f535cbb24c56f20748f0d5c8852170bf374f.jpg\" alt=\"\" style=\"aspect-ratio:4\/3;object-fit:cover\" srcset=\"https:\/\/signally.se\/wp-content\/uploads\/2026\/04\/6263f535cbb24c56f20748f0d5c8852170bf374f.jpg 1440w, https:\/\/signally.se\/wp-content\/uploads\/2026\/04\/6263f535cbb24c56f20748f0d5c8852170bf374f-300x200.jpg 300w, https:\/\/signally.se\/wp-content\/uploads\/2026\/04\/6263f535cbb24c56f20748f0d5c8852170bf374f-1024x683.jpg 1024w, https:\/\/signally.se\/wp-content\/uploads\/2026\/04\/6263f535cbb24c56f20748f0d5c8852170bf374f-768x512.jpg 768w, https:\/\/signally.se\/wp-content\/uploads\/2026\/04\/6263f535cbb24c56f20748f0d5c8852170bf374f-18x12.jpg 18w\" sizes=\"auto, (max-width: 1440px) 100vw, 1440px\" \/><\/figure>\n\n\n\n<div class=\"wp-block-group is-style-default has-global-padding is-layout-constrained wp-block-group-is-layout-constrained\">\n<h3 class=\"wp-block-heading has-text-align-center\">Inneh\u00e5llsstrategi och optimering<\/h3>\n\n\n\n<p class=\"has-text-align-center\">Utveckling av inneh\u00e5llsplaner som st\u00e4rker din synlighet och konvertering.<\/p>\n<\/div>\n<\/div>\n<\/div>\n\n\n\n<div class=\"wp-block-column ext-animate--on is-layout-flow wp-block-column-is-layout-flow\">\n<div class=\"wp-block-group is-style-ext-preset--group--natural-1--item-card-1--align-center has-global-padding is-layout-constrained wp-block-group-is-layout-constrained is-style-ext-preset--group--natural-1--item-card-1--align-center--4\">\n<figure class=\"wp-block-image\"><img loading=\"lazy\" decoding=\"async\" width=\"1440\" height=\"960\" class=\"wp-image-57\" src=\"https:\/\/signally.se\/wp-content\/uploads\/2026\/04\/a66bf9b1a6d7809f2f058323587653be7a9de83b.jpg\" alt=\"\" style=\"aspect-ratio:4\/3;object-fit:cover\" srcset=\"https:\/\/signally.se\/wp-content\/uploads\/2026\/04\/a66bf9b1a6d7809f2f058323587653be7a9de83b.jpg 1440w, https:\/\/signally.se\/wp-content\/uploads\/2026\/04\/a66bf9b1a6d7809f2f058323587653be7a9de83b-300x200.jpg 300w, https:\/\/signally.se\/wp-content\/uploads\/2026\/04\/a66bf9b1a6d7809f2f058323587653be7a9de83b-1024x683.jpg 1024w, https:\/\/signally.se\/wp-content\/uploads\/2026\/04\/a66bf9b1a6d7809f2f058323587653be7a9de83b-768x512.jpg 768w, https:\/\/signally.se\/wp-content\/uploads\/2026\/04\/a66bf9b1a6d7809f2f058323587653be7a9de83b-18x12.jpg 18w\" sizes=\"auto, (max-width: 1440px) 100vw, 1440px\" \/><\/figure>\n\n\n\n<div class=\"wp-block-group is-style-default has-global-padding is-layout-constrained wp-block-group-is-layout-constrained\">\n<h3 class=\"wp-block-heading has-text-align-center\">L\u00e4nkbyggande och signalhantering<\/h3>\n\n\n\n<p class=\"has-text-align-center\">Vi skapar starka l\u00e4nksignaler som st\u00e4rker din webbplats auktoritet p\u00e5 n\u00e4tet.<\/p>\n<\/div>\n<\/div>\n<\/div>\n<\/div>\n<\/div>\n\n<div class=\"wp-block-group alignfull is-style-ext-preset--group--natural-1--section has-tertiary-background-color has-background has-global-padding is-layout-constrained wp-container-core-group-is-layout-f72f1611 wp-block-group-is-layout-constrained is-style-ext-preset--group--natural-1--section--5\" id=\"funktioner\" style=\"margin-top:0;margin-bottom:0;padding-top:var(--wp--preset--spacing--70);padding-bottom:var(--wp--preset--spacing--70)\">\n<div class=\"wp-block-group alignwide ext-is-logical-start has-global-padding is-content-justification-left is-layout-constrained wp-container-core-group-is-layout-6729bdbe wp-block-group-is-layout-constrained\">\n<h2 class=\"wp-block-heading ext-animate--on\">Bygg en stark och framg\u00e5ngsrik onlineprofil<\/h2>\n\n\n\n<p class=\"has-text-align-left ext-animate--on\">H\u00e4r presenteras v\u00e5ra k\u00e4rnkompetenser och unika metoder f\u00f6r att skapa premiumwebbplatser som kombinerar SEO, GEO och AIO-strategier.<\/p>\n<\/div>\n\n\n\n<div class=\"wp-block-columns alignwide is-layout-flex wp-container-core-columns-is-layout-08c01c1c wp-block-columns-is-layout-flex\">\n<div class=\"wp-block-column is-vertically-aligned-stretch ext-animate--on is-layout-flow wp-container-core-column-is-layout-f5bb311e wp-block-column-is-layout-flow\">\n<div class=\"wp-block-group is-style-ext-preset--group--natural-1--item-card-1--align-start has-global-padding is-layout-constrained wp-block-group-is-layout-constrained is-style-ext-preset--group--natural-1--item-card-1--align-start--6\">\n<div class=\"wp-block-group is-style-default has-global-padding is-layout-constrained wp-block-group-is-layout-constrained\">\n<figure class=\"wp-block-image size-large ext-aspect-landscape wp-duotone-primary-foreground\"><img decoding=\"async\" src=\"data:image\/svg+xml;base64,PHN2ZyB4bWxucz0iaHR0cDovL3d3dy53My5vcmcvMjAwMC9zdmciIHdpZHRoPSI0OCIgaGVpZ2h0PSI0OCIgZmlsbD0iIzAwMDAwMCIgdmlld0JveD0iMCAwIDI1NiAyNTYiPjxwYXRoIGQ9Ik0xNzIsNzZhNDQsNDQsMCwxLDAtNDQsNDRBNDQuMDUsNDQuMDUsMCwwLDAsMTcyLDc2Wm0tNDQsMjhhMjgsMjgsMCwxLDEsMjgtMjhBMjgsMjgsMCwwLDEsMTI4LDEwNFptNjAsMjRhNDQsNDQsMCwxLDAsNDQsNDRBNDQuMDUsNDQuMDUsMCwwLDAsMTg4LDEyOFptMCw3MmEyOCwyOCwwLDEsMSwyOC0yOEEyOCwyOCwwLDAsMSwxODgsMjAwWk02OCwxMjhhNDQsNDQsMCwxLDAsNDQsNDRBNDQuMDUsNDQuMDUsMCwwLDAsNjgsMTI4Wm0wLDcyYTI4LDI4LDAsMSwxLDI4LTI4QTI4LDI4LDAsMCwxLDY4LDIwMFoiPjwvcGF0aD48L3N2Zz4=\" alt=\"\" style=\"object-fit:cover\"\/><\/figure>\n\n\n\n<h3 class=\"wp-block-heading\">Teknisk Grund<\/h3>\n\n\n\n<p>Vi s\u00e4kerst\u00e4ller en solid teknisk plattform som optimerar prestanda och indexering.<\/p>\n<\/div>\n<\/div>\n<\/div>\n\n\n\n<div class=\"wp-block-column is-vertically-aligned-stretch ext-animate--on is-layout-flow wp-container-core-column-is-layout-f5bb311e wp-block-column-is-layout-flow\">\n<div class=\"wp-block-group is-style-ext-preset--group--natural-1--item-card-1--align-start has-global-padding is-layout-constrained wp-block-group-is-layout-constrained is-style-ext-preset--group--natural-1--item-card-1--align-start--7\">\n<div class=\"wp-block-group is-style-default has-global-padding is-layout-constrained wp-block-group-is-layout-constrained\">\n<figure class=\"wp-block-image size-large ext-aspect-landscape wp-duotone-primary-foreground\"><img decoding=\"async\" src=\"data:image\/svg+xml;base64,PHN2ZyB4bWxucz0iaHR0cDovL3d3dy53My5vcmcvMjAwMC9zdmciIHdpZHRoPSI0OCIgaGVpZ2h0PSI0OCIgZmlsbD0iIzAwMDAwMCIgdmlld0JveD0iMCAwIDI1NiAyNTYiPjxwYXRoIGQ9Ik04MCw0MGE0MCw0MCwwLDEsMCw0MCw0MEE0MCw0MCwwLDAsMCw4MCw0MFptMCw2NGEyNCwyNCwwLDEsMSwyNC0yNEEyNCwyNCwwLDAsMSw4MCwxMDRabTk2LDE2YTQwLDQwLDAsMSwwLTQwLTQwQTQwLDQwLDAsMCwwLDE3NiwxMjBabTAtNjRhMjQsMjQsMCwxLDEtMjQsMjRBMjQsMjQsMCwwLDEsMTc2LDU2Wk04MCwxMzZhNDAsNDAsMCwxLDAsNDAsNDBBNDAsNDAsMCwwLDAsODAsMTM2Wm0wLDY0YTI0LDI0LDAsMSwxLDI0LTI0QTI0LDI0LDAsMCwxLDgwLDIwMFptOTYtNjRhNDAsNDAsMCwxLDAsNDAsNDBBNDAsNDAsMCwwLDAsMTc2LDEzNlptMCw2NGEyNCwyNCwwLDEsMSwyNC0yNEEyNCwyNCwwLDAsMSwxNzYsMjAwWiI+PC9wYXRoPjwvc3ZnPg==\" alt=\"\" style=\"object-fit:cover\"\/><\/figure>\n\n\n\n<h3 class=\"wp-block-heading\">Inneh\u00e5llsstrategi<\/h3>\n\n\n\n<p>Utveckling av inneh\u00e5ll som engagerar b\u00e5de m\u00e4nniskor och AI f\u00f6r maximal r\u00e4ckvidd.<\/p>\n<\/div>\n<\/div>\n<\/div>\n\n\n\n<div class=\"wp-block-column is-vertically-aligned-stretch ext-animate--on is-layout-flow wp-container-core-column-is-layout-f5bb311e wp-block-column-is-layout-flow\">\n<div class=\"wp-block-group is-style-ext-preset--group--natural-1--item-card-1--align-start has-global-padding is-layout-constrained wp-block-group-is-layout-constrained is-style-ext-preset--group--natural-1--item-card-1--align-start--8\">\n<div class=\"wp-block-group is-style-default has-global-padding is-layout-constrained wp-block-group-is-layout-constrained\">\n<figure class=\"wp-block-image size-large ext-aspect-landscape wp-duotone-primary-foreground\"><img decoding=\"async\" src=\"data:image\/svg+xml;base64,PHN2ZyB4bWxucz0iaHR0cDovL3d3dy53My5vcmcvMjAwMC9zdmciIHdpZHRoPSI0OCIgaGVpZ2h0PSI0OCIgZmlsbD0iIzAwMDAwMCIgdmlld0JveD0iMCAwIDI1NiAyNTYiPjxwYXRoIGQ9Ik04MCw0MGE0MCw0MCwwLDEsMCw0MCw0MEE0MCw0MCwwLDAsMCw4MCw0MFptMCw2NGEyNCwyNCwwLDEsMSwyNC0yNEEyNCwyNCwwLDAsMSw4MCwxMDRabTk2LDE2YTQwLDQwLDAsMSwwLTQwLTQwQTQwLDQwLDAsMCwwLDE3NiwxMjBabTAtNjRhMjQsMjQsMCwxLDEtMjQsMjRBMjQsMjQsMCwwLDEsMTc2LDU2Wk04MCwxMzZhNDAsNDAsMCwxLDAsNDAsNDBBNDAsNDAsMCwwLDAsODAsMTM2Wm0wLDY0YTI0LDI0LDAsMSwxLDI0LTI0QTI0LDI0LDAsMCwxLDgwLDIwMFptMTM2LTI0YTgsOCwwLDAsMS04LDhIMTg0djI0YTgsOCwwLDAsMS0xNiwwVjE4NEgxNDRhOCw4LDAsMCwxLDAtMTZoMjRWMTQ0YTgsOCwwLDAsMSwxNiwwdjI0aDI0QTgsOCwwLDAsMSwyMTYsMTc2WiI+PC9wYXRoPjwvc3ZnPg==\" alt=\"\" style=\"object-fit:cover\"\/><\/figure>\n\n\n\n<h3 class=\"wp-block-heading\">L\u00e4nkbyggande<\/h3>\n\n\n\n<p>Skapande av starka och relevanta l\u00e4nksignaler f\u00f6r att f\u00f6rb\u00e4ttra din webbplats auktoritet.<\/p>\n<\/div>\n<\/div>\n<\/div>\n<\/div>\n<\/div>\n\n<div class=\"wp-block-group alignfull is-style-ext-preset--group--natural-1--section has-background-background-color has-background has-global-padding is-layout-constrained wp-container-core-group-is-layout-e955bbaf wp-block-group-is-layout-constrained is-style-ext-preset--group--natural-1--section--9\" id=\"resurser\" style=\"margin-top:0;margin-bottom:0;padding-top:var(--wp--preset--spacing--70);padding-bottom:var(--wp--preset--spacing--70)\">\n<h2 class=\"wp-block-heading has-text-align-center ext-animate--on\">Maximera trafiken med effektiva GEO-strategier<\/h2>\n\n\n\n<p class=\"has-text-align-center ext-animate--on\" style=\"margin-top:1.5rem\">Det h\u00e4r avsnittet lyfter fram viktiga resurser som st\u00f6djer l\u00e4rande och tillv\u00e4xt inom SEO, GEO och AIO.<\/p>\n\n\n\n<div class=\"wp-block-columns alignwide is-layout-flex wp-container-core-columns-is-layout-08c01c1c wp-block-columns-is-layout-flex\">\n<div class=\"wp-block-column is-vertically-aligned-stretch ext-animate--on is-layout-flow wp-container-core-column-is-layout-f5bb311e wp-block-column-is-layout-flow\">\n<div class=\"wp-block-group is-style-ext-preset--group--natural-1--item-card-1--align-center has-global-padding is-layout-constrained wp-block-group-is-layout-constrained is-style-ext-preset--group--natural-1--item-card-1--align-center--10\">\n<figure class=\"wp-block-image aligncenter size-large ext-aspect-landscape\"><img loading=\"lazy\" decoding=\"async\" width=\"1440\" height=\"960\" class=\"wp-image-61\" src=\"https:\/\/signally.se\/wp-content\/uploads\/2026\/04\/6263f535cbb24c56f20748f0d5c8852170bf374f.jpg\" alt=\"\" style=\"aspect-ratio:4\/3;object-fit:cover\" srcset=\"https:\/\/signally.se\/wp-content\/uploads\/2026\/04\/6263f535cbb24c56f20748f0d5c8852170bf374f.jpg 1440w, https:\/\/signally.se\/wp-content\/uploads\/2026\/04\/6263f535cbb24c56f20748f0d5c8852170bf374f-300x200.jpg 300w, https:\/\/signally.se\/wp-content\/uploads\/2026\/04\/6263f535cbb24c56f20748f0d5c8852170bf374f-1024x683.jpg 1024w, https:\/\/signally.se\/wp-content\/uploads\/2026\/04\/6263f535cbb24c56f20748f0d5c8852170bf374f-768x512.jpg 768w, https:\/\/signally.se\/wp-content\/uploads\/2026\/04\/6263f535cbb24c56f20748f0d5c8852170bf374f-18x12.jpg 18w\" sizes=\"auto, (max-width: 1440px) 100vw, 1440px\" \/><\/figure>\n\n\n\n<div class=\"wp-block-group is-style-default has-global-padding is-layout-constrained wp-block-group-is-layout-constrained\">\n<h3 class=\"wp-block-heading has-text-align-center\">Teknisk SEO<\/h3>\n\n\n\n<p class=\"has-text-align-center\">H\u00e4r g\u00e5r vi igenom grundl\u00e4ggande tekniska principer f\u00f6r att st\u00e4rka din webbplats prestanda.<\/p>\n\n\n\n<div class=\"wp-block-buttons is-content-justification-center is-layout-flex wp-container-core-buttons-is-layout-a89b3969 wp-block-buttons-is-layout-flex\">\n<div class=\"wp-block-button is-style-ext-preset--button--natural-1--button-1 is-style-ext-preset--button--natural-1--button-1--11\"><a class=\"wp-block-button__link wp-element-button\" href=\"https:\/\/signally.se\/resurser\">L\u00e4s mer<\/a><\/div>\n<\/div>\n<\/div>\n<\/div>\n<\/div>\n\n\n\n<div class=\"wp-block-column is-vertically-aligned-stretch ext-animate--on is-layout-flow wp-container-core-column-is-layout-f5bb311e wp-block-column-is-layout-flow\">\n<div class=\"wp-block-group is-style-ext-preset--group--natural-1--item-card-1--align-center has-global-padding is-layout-constrained wp-block-group-is-layout-constrained is-style-ext-preset--group--natural-1--item-card-1--align-center--12\">\n<figure class=\"wp-block-image aligncenter size-large ext-aspect-landscape\"><img loading=\"lazy\" decoding=\"async\" width=\"1440\" height=\"960\" class=\"wp-image-54\" src=\"https:\/\/signally.se\/wp-content\/uploads\/2026\/04\/94219fa155ea037c0467f86391dae3369d26fa6e.jpg\" alt=\"\" style=\"aspect-ratio:4\/3;object-fit:cover\" srcset=\"https:\/\/signally.se\/wp-content\/uploads\/2026\/04\/94219fa155ea037c0467f86391dae3369d26fa6e.jpg 1440w, https:\/\/signally.se\/wp-content\/uploads\/2026\/04\/94219fa155ea037c0467f86391dae3369d26fa6e-300x200.jpg 300w, https:\/\/signally.se\/wp-content\/uploads\/2026\/04\/94219fa155ea037c0467f86391dae3369d26fa6e-1024x683.jpg 1024w, https:\/\/signally.se\/wp-content\/uploads\/2026\/04\/94219fa155ea037c0467f86391dae3369d26fa6e-768x512.jpg 768w, https:\/\/signally.se\/wp-content\/uploads\/2026\/04\/94219fa155ea037c0467f86391dae3369d26fa6e-18x12.jpg 18w\" sizes=\"auto, (max-width: 1440px) 100vw, 1440px\" \/><\/figure>\n\n\n\n<div class=\"wp-block-group is-style-default has-global-padding is-layout-constrained wp-block-group-is-layout-constrained\">\n<h3 class=\"wp-block-heading has-text-align-center\">Inneh\u00e5llsstrategi<\/h3>\n\n\n\n<p class=\"has-text-align-center\">F\u00f6rdjupa dig i avancerade metoder f\u00f6r att skapa inneh\u00e5ll som engagerar b\u00e5de m\u00e4nniskor och AI.<\/p>\n\n\n\n<div class=\"wp-block-buttons is-content-justification-center is-layout-flex wp-container-core-buttons-is-layout-a89b3969 wp-block-buttons-is-layout-flex\">\n<div class=\"wp-block-button is-style-ext-preset--button--natural-1--button-1 is-style-ext-preset--button--natural-1--button-1--13\"><a class=\"wp-block-button__link wp-element-button\" href=\"https:\/\/signally.se\/resurser\">L\u00e4s mer<\/a><\/div>\n<\/div>\n<\/div>\n<\/div>\n<\/div>\n\n\n\n<div class=\"wp-block-column is-vertically-aligned-stretch ext-animate--on is-layout-flow wp-container-core-column-is-layout-f5bb311e wp-block-column-is-layout-flow\">\n<div class=\"wp-block-group is-style-ext-preset--group--natural-1--item-card-1--align-center has-global-padding is-layout-constrained wp-block-group-is-layout-constrained is-style-ext-preset--group--natural-1--item-card-1--align-center--14\">\n<figure class=\"wp-block-image aligncenter size-large ext-aspect-landscape\"><img loading=\"lazy\" decoding=\"async\" width=\"1440\" height=\"810\" class=\"wp-image-55\" src=\"https:\/\/signally.se\/wp-content\/uploads\/2026\/04\/a52adb2cc17c46cb72629005a2c9ae0ea9510f01.jpg\" alt=\"\" style=\"aspect-ratio:4\/3;object-fit:cover\" srcset=\"https:\/\/signally.se\/wp-content\/uploads\/2026\/04\/a52adb2cc17c46cb72629005a2c9ae0ea9510f01.jpg 1440w, https:\/\/signally.se\/wp-content\/uploads\/2026\/04\/a52adb2cc17c46cb72629005a2c9ae0ea9510f01-300x169.jpg 300w, https:\/\/signally.se\/wp-content\/uploads\/2026\/04\/a52adb2cc17c46cb72629005a2c9ae0ea9510f01-1024x576.jpg 1024w, https:\/\/signally.se\/wp-content\/uploads\/2026\/04\/a52adb2cc17c46cb72629005a2c9ae0ea9510f01-768x432.jpg 768w, https:\/\/signally.se\/wp-content\/uploads\/2026\/04\/a52adb2cc17c46cb72629005a2c9ae0ea9510f01-18x10.jpg 18w\" sizes=\"auto, (max-width: 1440px) 100vw, 1440px\" \/><\/figure>\n\n\n\n<div class=\"wp-block-group is-style-default has-global-padding is-layout-constrained wp-block-group-is-layout-constrained\">\n<h3 class=\"wp-block-heading has-text-align-center\">L\u00e4nkbyggande<\/h3>\n\n\n\n<p class=\"has-text-align-center\">Uppt\u00e4ck strategier f\u00f6r att bygga starka l\u00e4nksignaler som driver auktoritet och synlighet.<\/p>\n\n\n\n<div class=\"wp-block-buttons is-content-justification-center is-layout-flex wp-container-core-buttons-is-layout-a89b3969 wp-block-buttons-is-layout-flex\">\n<div class=\"wp-block-button is-style-ext-preset--button--natural-1--button-1 is-style-ext-preset--button--natural-1--button-1--15\"><a class=\"wp-block-button__link wp-element-button\" href=\"https:\/\/signally.se\/resurser\">L\u00e4s mer<\/a><\/div>\n<\/div>\n<\/div>\n<\/div>\n<\/div>\n<\/div>\n<\/div>\n","protected":false},"excerpt":{"rendered":"<p>Strategier som engagerar b\u00e5de anv\u00e4ndare och AI-system Utforska v\u00e5rt breda tj\u00e4nsteutbud som kombinerar teknisk expertis med kundfokus f\u00f6r b\u00e4sta resultat. Teknisk SEO-analys Vi skr\u00e4ddarsyr analyser f\u00f6r att optimera din webbplats tekniska prestanda. Inneh\u00e5llsstrategi och optimering Utveckling av inneh\u00e5llsplaner som st\u00e4rker din synlighet och konvertering. L\u00e4nkbyggande och signalhantering Vi skapar starka l\u00e4nksignaler som st\u00e4rker din webbplats [&hellip;]<\/p>\n","protected":false},"author":1,"featured_media":0,"parent":0,"menu_order":0,"comment_status":"closed","ping_status":"closed","template":"page-with-title","meta":{"_monsterinsights_skip_tracking":false,"_monsterinsights_sitenote_active":false,"_monsterinsights_sitenote_note":"","_monsterinsights_sitenote_category":0,"footnotes":""},"class_list":["post-25","page","type-page","status-publish","hentry"],"_links":{"self":[{"href":"https:\/\/signally.se\/sv\/wp-json\/wp\/v2\/pages\/25","targetHints":{"allow":["GET"]}}],"collection":[{"href":"https:\/\/signally.se\/sv\/wp-json\/wp\/v2\/pages"}],"about":[{"href":"https:\/\/signally.se\/sv\/wp-json\/wp\/v2\/types\/page"}],"author":[{"embeddable":true,"href":"https:\/\/signally.se\/sv\/wp-json\/wp\/v2\/users\/1"}],"replies":[{"embeddable":true,"href":"https:\/\/signally.se\/sv\/wp-json\/wp\/v2\/comments?post=25"}],"version-history":[{"count":2,"href":"https:\/\/signally.se\/sv\/wp-json\/wp\/v2\/pages\/25\/revisions"}],"predecessor-version":[{"id":66,"href":"https:\/\/signally.se\/sv\/wp-json\/wp\/v2\/pages\/25\/revisions\/66"}],"wp:attachment":[{"href":"https:\/\/signally.se\/sv\/wp-json\/wp\/v2\/media?parent=25"}],"curies":[{"name":"wp","href":"https:\/\/api.w.org\/{rel}","templated":true}]}}